{"id":152,"date":"2019-09-20T11:06:38","date_gmt":"2019-09-20T09:06:38","guid":{"rendered":"http:\/\/fcfootstar.de\/cms\/?page_id=152"},"modified":"2019-10-10T10:41:29","modified_gmt":"2019-10-10T08:41:29","slug":"registration-summary-gfo-2019","status":"publish","type":"page","link":"https:\/\/fcfootstar.de\/cms\/registration-summary-gfo-2019\/","title":{"rendered":"Registration Summary GFO 2019"},"content":{"rendered":"<p>This list is updated manually, so don&#8217;t expect your entry to show up right away.<br \/>\nLast update: 2019-10-10 10:41:29. Go back to the <a href=\"https:\/\/fcfootstar.de\/cms\/gfo2019\/\">event page<\/a>.<\/p>\n<p><strong>Open Singles Net<br \/>\n<\/strong>Hendrik Simon<br \/>\nPawe\u0142 Ro\u017cek<br \/>\nMarcin Staro\u0144<br \/>\nJari John<br \/>\nMaciej Samborowski<br \/>\nBenjamin Kanske<br \/>\nWiktor Debski<br \/>\nTino Holzmann<br \/>\nEurik Lindner<br \/>\nDavid Kaufmann<br \/>\nAndreas Beimel<br \/>\nTammo Rockel<br \/>\nDarwins Mora<br \/>\nMarkus Portenkirchner<br \/>\nFelix Ostwaldt<br \/>\nGregor Morel<br \/>\nLena Mlakar<br \/>\nRobin P\u00fcchel<br \/>\nHeike Koller<br \/>\nTanja Abt<br \/>\nEduardo Martinez<\/p>\n<p><strong>Open Doubles Net<br \/>\n<\/strong>Felix Ostwa<span style=\"color: #000000;\">ldt \/ Manuel Kruse<\/span><br \/>\nHendrik Simon \/ Simon Voss<br \/>\nPawe\u0142 Ro\u017cek \/ Marcin Staro\u0144<br \/>\nChristian L\u00f6w \/ Yassin Khateeb<br \/>\nJari John \/ Matthias Feulner<br \/>\nBenjamin Kanske \/ Tino Holzmann<br \/>\nWiktor Debski \/ <span style=\"color: #000000;\">Yves Kreil<\/span><br \/>\nEurik Lindn<span style=\"color: #000000;\">er \/ Andreas Wolff<\/span><br \/>\nDavid Kaufmann<span style=\"color: #000000;\"> \/ Andreas Beimel<br \/>\nAntonio Fritsch \/ <\/span><span style=\"color: #999999;\"><span style=\"color: #000000;\">Grischa Tellenbach<\/span><br \/>\n<span style=\"color: #000000;\"> Tammo Rockel \/ Robin P\u00fcchel<\/span><br \/>\n<span style=\"color: #000000;\">Darwins Mora \/ Eduardo Martinez<\/span><br \/>\n<\/span><span style=\"color: #000000;\">Markus Portenkirchner \/ ?<\/span><span style=\"color: #999999;\"><br \/>\n<span style=\"color: #000000;\">Gregor Morel \/ Lena Mlakar<\/span><br \/>\n<span style=\"color: #000000;\">Audrey Tumelin \/ Heike Koller<\/span><br \/>\n<\/span><\/p>\n<p><strong>Mixed Doubles Net<br \/>\n<\/strong>Benjamin Kanske \/ ?<br \/>\nDavid Kaufmann \/ Heike Koller<br \/>\nTanja Abt \/ Antonio Fritsch<br \/>\nTino Holzmann \/ ?<br \/>\nTammo Rockel \/ ?<br \/>\nLena Mlakar \/ Wiktor Debski<br \/>\nAudrey Tumelin \/ Grischa Tellenbach<\/p>\n<p><span style=\"color: #000000;\"><strong>Open Freestyle Routines<br \/>\n<\/strong>Andreas Nawrath<br \/>\nCaroline Birch<br \/>\nFilip W\u00f3jcik<br \/>\nWiktor Debski<strong><br \/>\n<\/strong>Mikko Lepist\u00f6<strong><br \/>\n<\/strong> Christopher Schillem<strong><br \/>\n<\/strong><\/span><\/p>\n<p><span style=\"color: #000000;\"><strong>Freestyle Request Contest<br \/>\n<\/strong>Alexander Trenner<br \/>\nAndreas Nawrath<br \/>\nPawe\u0142 Ro\u017cek<br \/>\nFilip W\u00f3jcik<br \/>\nMikko Lepist\u00f6<strong><br \/>\n<\/strong>Matthias Schmidt<strong><br \/>\n<\/strong> Christopher Schillem<strong><br \/>\n<\/strong>Christoph Alexander<strong><br \/>\n<\/strong><\/span><\/p>\n<p><span style=\"color: #000000;\"><strong>Freestyle Battles<br \/>\n<\/strong>Alexander Trenner<br \/>\nCaroline Birch<br \/>\nFilip W\u00f3jcik<strong><br \/>\n<\/strong>Mikko Lepist\u00f6<strong><br \/>\n<\/strong>Matthias Schmidt<strong><br \/>\n<\/strong> Christopher Schillem<strong><br \/>\n<\/strong> Michael Lamberjohann<strong><br \/>\n<\/strong>Christoph Alexander<strong><br \/>\n<\/strong><\/span><\/p>\n<p><span style=\"color: #000000;\"><strong>2-Square<br \/>\n<\/strong>Caroline Birch<br \/>\nPawe\u0142 Ro\u017cek<br \/>\nFilip W\u00f3jcik<br \/>\nBenjamin Kanske<br \/>\nTino Holzmann<strong><br \/>\n<\/strong>Matthias Schmidt<strong><br \/>\n<\/strong> Michael Lamberjohann<strong><br \/>\n<\/strong>Christoph Alexander<strong><br \/>\n<\/strong><span style=\"color: #000000;\">Angelo Rendon<\/span><strong><br \/>\n<\/strong><\/span><\/p>\n<p>&nbsp;<\/p>\n","protected":false},"excerpt":{"rendered":"<p>This list is updated manually, so don&#8217;t expect your entry to show up right away. Last update: . Go back to the event page. Open Singles Net Hendrik Simon Pawe\u0142 Ro\u017cek Marcin Staro\u0144 Jari John Maciej Samborowski Benjamin Kanske Wiktor Debski Tino Holzmann Eurik Lindner David Kaufmann Andreas Beimel Tammo Rockel Darwins Mora Markus Portenkirchner &hellip; <a href=\"https:\/\/fcfootstar.de\/cms\/registration-summary-gfo-2019\/\" class=\"more-link\">Continue reading<span class=\"screen-reader-text\"> &#8222;Registration Summary GFO 2019&#8220;<\/span><\/a><\/p>\n","protected":false},"author":1,"featured_media":0,"parent":0,"menu_order":0,"comment_status":"closed","ping_status":"closed","template":"","meta":{"footnotes":""},"class_list":["post-152","page","type-page","status-publish","hentry"],"_links":{"self":[{"href":"https:\/\/fcfootstar.de\/cms\/wp-json\/wp\/v2\/pages\/152","targetHints":{"allow":["GET"]}}],"collection":[{"href":"https:\/\/fcfootstar.de\/cms\/wp-json\/wp\/v2\/pages"}],"about":[{"href":"https:\/\/fcfootstar.de\/cms\/wp-json\/wp\/v2\/types\/page"}],"author":[{"embeddable":true,"href":"https:\/\/fcfootstar.de\/cms\/wp-json\/wp\/v2\/users\/1"}],"replies":[{"embeddable":true,"href":"https:\/\/fcfootstar.de\/cms\/wp-json\/wp\/v2\/comments?post=152"}],"version-history":[{"count":36,"href":"https:\/\/fcfootstar.de\/cms\/wp-json\/wp\/v2\/pages\/152\/revisions"}],"predecessor-version":[{"id":852,"href":"https:\/\/fcfootstar.de\/cms\/wp-json\/wp\/v2\/pages\/152\/revisions\/852"}],"wp:attachment":[{"href":"https:\/\/fcfootstar.de\/cms\/wp-json\/wp\/v2\/media?parent=152"}],"curies":[{"name":"wp","href":"https:\/\/api.w.org\/{rel}","templated":true}]}}